{"id":7297,"date":"2020-01-17T11:19:17","date_gmt":"2020-01-17T11:19:17","guid":{"rendered":"http:\/\/escuelainfantilelvallealicante.com\/aviso-legal\/"},"modified":"2020-02-12T11:11:15","modified_gmt":"2020-02-12T11:11:15","slug":"legal-notice","status":"publish","type":"page","link":"https:\/\/escuelainfantilelvallealicante.com\/en\/legal-notice\/","title":{"rendered":"Legal Notice"},"content":{"rendered":"<p>[vc_row][vc_column][vc_column_text]<\/p>\n<h2>INFORMACI\u00d3N DEL TITULAR<\/h2>\n<p>En cumplimiento del art\u00edculo 10 de la Ley 34\/2002, de 11 de julio, de Servicios de la Sociedad de la Informaci\u00f3n y Comercio Electr\u00f3nico, a continuaci\u00f3n se exponen los datos identificativos del titular del sitio web:<\/p>\n<p style=\"text-align: justify;\">La persona titular del sitio web es SERVICIOS EDUCATIVOS CONDOMINA, S.L.L. (en adelante SERVICIOS EDUCATIVOS CONDOMINA), con domicilio a estos efectos en Avda. de La Condomina 65, 03540 Alicante y con C.I.F.: B-83322172. Correo electr\u00f3nico de contacto: <a title=\"Enviar correo electr\u00f3nico a Escuela Infantil El Valle Alicante\" href=\"mailto:secre.ali@colegioelvalle.com\">secre.ali@colegioelvalle.com<\/a>.<\/p>\n<h2>CONDICIONES GENERALES DE USO<\/h2>\n<p style=\"text-align: justify;\">Estas son las <strong>Condiciones Generales de Uso<\/strong> del sitio web de la Escuela Infantil El Valle de Alicante, al que se accede mediante la direcci\u00f3n principal <a title=\"Abrir la p\u00e1gina principal de la Escuela Infantil El Valle de Alicante en una nueva ventana\" href=\"\/\" target=\"_blank\" rel=\"noopener noreferrer\">www.escuelainfantilelvallealicante.com<\/a>.<\/p>\n<p style=\"text-align: justify;\">La existencia de las presentes Condiciones Generales de Uso no excluye la existencia de otras disposiciones o condiciones de acceso a las diversas secciones que componen el sitio web.<\/p>\n<p style=\"text-align: justify;\">Los usuarios deber\u00e1n leer las presentes Condiciones Generales de Uso de esta web. El uso o acceso a este sitio implica el conocimiento y plena aceptaci\u00f3n de las advertencias legales y condiciones que a continuaci\u00f3n se especifican.<\/p>\n<p style=\"text-align: justify;\">Asimismo, la utilizaci\u00f3n de determinados servicios a disposici\u00f3n de los usuarios de este sitio web puede estar sometida a condiciones especiales, advertencias o instrucciones que tambi\u00e9n deber\u00e1n ser consultadas y aceptadas sin reservas por los usuarios.<\/p>\n<h3>CONDICIONES DE ACCESO Y USO DEL SITIO WEB<\/h3>\n<p style=\"text-align: justify;\">La utilizaci\u00f3n del sitio oficial de la Escuela Infantil El Valle de Alicante posee car\u00e1cter gratuito. No obstante, la contrataci\u00f3n de algunos de los servicios que ofrece este portal puede estar condicionada al pago de un precio, en cuyo caso se indicar\u00e1 convenientemente.<\/p>\n<p style=\"text-align: justify;\">El acceso a determinados servicios est\u00e1 supeditado al registro del usuario. Quien accede a este sitio web asume la obligaci\u00f3n de efectuar un uso correcto y adecuado de sus servicios y contenidos, de conformidad a las presentes Condiciones Generales y al ordenamiento jur\u00eddico vigente.<\/p>\n<p style=\"text-align: justify;\">El SERVICIOS EDUCATIVOS CONDOMINA se reserva el derecho unilateral a denegar el acceso a este sitio web y\/o a sus servicios a aquellos usuarios que incumplan las presentes Condiciones Generales de Uso.<\/p>\n<p style=\"text-align: justify;\">El usuario garantiza la veracidad y autenticidad de las informaciones y datos que comunique en virtud de la cumplimentaci\u00f3n de las solicitudes y formularios de suscripci\u00f3n que, en su caso, se requieran para acceder a determinados servicios. En este sentido, ser\u00e1 de obligaci\u00f3n del usuario el mantener actualizadas las informaciones de forma tal que correspondan a la realidad en cada momento. Cualquier manifestaci\u00f3n falsa o inexacta que se produzca como consecuencia de las informaciones y datos manifestados, as\u00ed como los perjuicios que tal informaci\u00f3n pudiera causar, ser\u00e1 responsabilidad del usuario.<\/p>\n<p style=\"text-align: justify;\">Los responsables dar\u00e1n a dichos datos el tratamiento automatizado que corresponda en funci\u00f3n de su naturaleza o finalidad, en las condiciones y t\u00e9rminos indicados en la secci\u00f3n de <a title=\"Abrir la p\u00e1gina web de la Pol\u00edtica de protecci\u00f3n de datos de car\u00e1cter personal\" href=\"http:\/\/escuelainfantilelvallealicante.com\/en\/privacy-and-data-protection-policy\/\">Pol\u00edtica de protecci\u00f3n de datos de car\u00e1cter personal<\/a>.<\/p>\n<h3>DERECHOS DE PROPIEDAD INDUSTRIAL E INTELECTUAL<\/h3>\n<h4>Propiedad industrial<\/h4>\n<p style=\"text-align: justify;\">Las denominaciones Escuela Infantil El Valle de Alicante, la marca gr\u00e1fico-denominativa de la Escuela Infantil El Valle de Alicante, tal y como aparece en la p\u00e1gina de inicio de esta web, as\u00ed como otros signos distintivos (denominativos, gr\u00e1ficos y gr\u00e1ficos-denominativos) que asimismo aparecen en esta web, gozan de protecci\u00f3n en virtud de la normativa vigente en materia de Propiedad Industrial. SERVICIOS EDUCATIVOS CONDOMINA ostenta el derecho exclusivo a utilizarlos en el tr\u00e1fico econ\u00f3mico. Por consiguiente, queda prohibida su utilizaci\u00f3n por parte de terceros que carezcan de expresa autorizaci\u00f3n.<\/p>\n<h4>Nombres de dominio<\/h4>\n<p style=\"text-align: justify;\">El nombre de dominio <a title=\"Abrir la p\u00e1gina principal de la Escuela Infantil El Valle de Alicante en una nueva ventana\" href=\"\/\" target=\"_blank\" rel=\"noopener noreferrer\">www.escuelainfantilelvallealicante.com<\/a> y todos aquellos que sirvan para acceder de forma directa al presente sitio oficial son propiedad de SERVICIOS EDUCATIVOS CONDOMINA, y su utilizaci\u00f3n le corresponde en exclusiva. La indebida utilizaci\u00f3n de los mismos en el tr\u00e1fico econ\u00f3mico, supondr\u00eda una infracci\u00f3n de los derechos conferidos por su registro y ser\u00e1 perseguido por los medios previstos en la ley.<\/p>\n<h4>Derechos de autor<\/h4>\n<p style=\"text-align: justify;\">Los contenidos, textos, fotograf\u00edas, dise\u00f1os, logotipos, im\u00e1genes, sonidos, v\u00eddeos, animaciones, grabaciones, programas de ordenador, c\u00f3digos fuente y, en general, cualquier creaci\u00f3n intelectual existente en la parte p\u00fablica de este sitio web, as\u00ed como el propio Sitio en su conjunto como obra art\u00edstica multimedia, est\u00e1n protegidos como derechos de autor por la legislaci\u00f3n vigente en materia de propiedad intelectual.<\/p>\n<p style=\"text-align: justify;\">De conformidad con lo expuesto, corresponden a SERVICIOS EDUCATIVOS CONDOMINA los derechos exclusivos de reproducci\u00f3n, distribuci\u00f3n, comunicaci\u00f3n p\u00fablica y transformaci\u00f3n, as\u00ed como cualquier otro derecho de naturaleza patrimonial, sobre los elementos se\u00f1alados en el p\u00e1rrafo precedente; y todo ello sin perjuicio de los derechos morales que correspondan a sus autores.<\/p>\n<p style=\"text-align: justify;\">Quedan exceptuados de esta protecci\u00f3n aquellos archivos cuya titularidad no sea de SERVICIOS EDUCATIVOS CONDOMINA, que el usuario haya podido almacenar en su \u00e1rea privada con el fin de posibilitar la utilizaci\u00f3n de los servicios contratados.<\/p>\n<p style=\"text-align: justify;\">Queda prohibida, con car\u00e1cter general y no limitativa, la reproducci\u00f3n, almacenamiento (excepto aquel necesario para la carga de este sitio web en el navegador o almacenamiento temporal), transformaci\u00f3n, distribuci\u00f3n, comunicaci\u00f3n p\u00fablica, puesta a disposici\u00f3n del p\u00fablico y en general cualquier otra forma de explotaci\u00f3n, por cualquier medio o procedimiento, de todo o parte de los contenidos sujetos a derechos exclusivos de SERVICIOS EDUCATIVOS CONDOMINA, excepto en el caso de mediar autorizaci\u00f3n previa y expresa al efecto.<\/p>\n<h4>Herramientas tecnol\u00f3gicas<\/h4>\n<p style=\"text-align: justify;\">Las herramientas tecnol\u00f3gicas desarrolladas por SERVICIOS EDUCATIVOS CONDOMINA y puestas a disposici\u00f3n del usuario a trav\u00e9s de este portal se encuentran protegidas por la legislaci\u00f3n en materia de Propiedad Intelectual y su utilizaci\u00f3n por el usuario debe realizarse exclusivamente en este \u00e1mbito y sin finalidad comercial.<\/p>\n<h4>Reserva de acciones<\/h4>\n<p style=\"text-align: justify;\">El usuario de este sitio web se compromete a respetar los derechos enunciados y evitar cualquier actuaci\u00f3n que pudiera perjudicarlos. El incumplimiento de lo establecido en este apartado y, en general, cualquier vulneraci\u00f3n de la pac\u00edfica posesi\u00f3n y titularidad de los antedichos derechos de exclusiva ser\u00e1 perseguida con los medios que la legislaci\u00f3n, tanto espa\u00f1ola como internacional, prev\u00e9n.<\/p>\n<p style=\"text-align: justify;\">En este sentido, SERVICIOS EDUCATIVOS CONDOMINA deja hecha expresa reserva del ejercicio de cuantas acciones, tanto civiles como penales, amparen sus leg\u00edtimos derechos de Propiedad Intelectual e Industrial.<\/p>\n<h3>ENLACES<\/h3>\n<h4>Enlaces a p\u00e1ginas web independientes de este sitio web<\/h4>\n<p style=\"text-align: justify;\">En el sitio web de la Escuela Infantil El Valle de Alicante el usuario podr\u00e1 encontrar diversos enlaces que le conducir\u00e1n a p\u00e1ginas web independientes de \u00e9sta. Su \u00fanica finalidad es la de facilitar el acceso a otras fuentes de informaci\u00f3n en Internet relacionadas con los servicios ofrecidos o de car\u00e1cter general. Su inserci\u00f3n en este sitio web est\u00e1 inspirada en el respeto de los derechos de propiedad intelectual e industrial que, en su caso, puedan corresponder a sus autores y titulares leg\u00edtimos.<\/p>\n<p style=\"text-align: justify;\">SERVICIOS EDUCATIVOS CONDOMINA no se hace responsable de los contenidos a los que se acceda en virtud de los mencionados enlaces, ni de las modificaciones que se lleven a cabo en los mismos, ni del uso que de aquellos se realice, ni de su disponibilidad t\u00e9cnica. No obstante, SERVICIOS EDUCATIVOS CONDOMINA se compromete a hacer lo posible para evitar la existencia en su sitio web de enlaces a sitios de contenido ilegal o que promuevan actividades il\u00edcitas. En caso de que tenga conocimiento efectivo de que la informaci\u00f3n a la que remite alg\u00fan enlace es il\u00edcita, SERVICIOS EDUCATIVOS CONDOMINA se compromete a actuar con la debida diligencia para eliminar o inutilizar dicho enlace.<\/p>\n<h4>Condiciones de enlace a este sitio web<\/h4>\n<p style=\"text-align: justify;\">El establecimiento del enlace no implicar\u00e1 la existencia de relaci\u00f3n alguna entre SERVICIOS EDUCATIVOS CONDOMINA y el titular de la p\u00e1gina web o del portal desde el cual se realice, ni el conocimiento y aceptaci\u00f3n por parte de SERVICIOS EDUCATIVOS CONDOMINA de los servicios y contenidos ofrecidos en dicho portal.<\/p>\n<p style=\"text-align: justify;\">No se realizar\u00e1 desde la p\u00e1gina que introduce el enlace ning\u00fan tipo de manifestaci\u00f3n falsa, inexacta o incorrecta sobre la Escuela Infanmtil El Valle de Alicante, sus socios, empleados, clientes o sobre la calidad de los servicios que presta.<\/p>\n<p><a name=\"cookies\"><\/a><\/p>\n<h3>POL\u00cdTICA DE <em>COOKIES<\/em><\/h3>\n<p style=\"text-align: justify;\">SERVICIOS EDUCATIVOS CONDOMINA informa a los usuarios de que existen cookies instaladas en su sitio web <a title=\"Abrir la p\u00e1gina principal de la Escuela Infantil El Valle de Alicante en una nueva ventana\" href=\"\/\" target=\"_blank\" rel=\"noopener noreferrer\">www.escuelainfantilelvallealicante.com<\/a>.<\/p>\n<p style=\"text-align: justify;\">Las <em>cookies<\/em> son peque\u00f1os ficheros de datos generados a trav\u00e9s de instrucciones enviadas por los servidores web a los programas navegadores de los usuarios, y que se guardan en un directorio espec\u00edfico del terminal de aquellos, con el objetivo de reunir informaci\u00f3n compilada por el propio fichero.<\/p>\n<p style=\"text-align: justify;\">A continuaci\u00f3n se definen el tipo de cookies que se utilizan o se puede llegar a utilizar en alg\u00fan momento:<\/p>\n<ul>\n<li>\n<p style=\"text-align: justify;\"><em>Cookies<\/em> t\u00e9cnicas: Son aquellas que permiten al usuario la navegaci\u00f3n a trav\u00e9s de un sitio web, plataforma o aplicaci\u00f3n y la utilizaci\u00f3n de las diferentes opciones servicios que en ella existan.<\/p>\n<\/li>\n<li>\n<p style=\"text-align: justify;\"><em>Cookies<\/em> de an\u00e1lisis: Son aquellas tratadas por terceros que permiten cuantificar de forma an\u00f3nima el n\u00famero de usuarios y as\u00ed realizar la medici\u00f3n y an\u00e1lisis estad\u00edstico de la utilizaci\u00f3n que hacen los usuarios del servicio ofertado. Para ello se analiza su navegaci\u00f3n en nuestro sitio web con el fin de mejorar la oferta de productos o servicios que se le ofrecen.<\/p>\n<\/li>\n<\/ul>\n<p style=\"text-align: justify;\">Durante su navegaci\u00f3n se pueden recoger datos no identificativos relacionados con sus h\u00e1bitos de navegaci\u00f3n a trav\u00e9s de servicios de terceros como Google Analytics.<\/p>\n<p style=\"text-align: justify;\">Esta informaci\u00f3n se utiliza para analizar tendencias, rastrear los movimientos de los usuarios alrededor del sitio web, recopilar informaci\u00f3n demogr\u00e1fica sobre la base de usuarios en su conjunto y mejorar la usabilidad del sitio web.<\/p>\n<p style=\"text-align: justify;\">La mayor\u00eda de los navegadores aceptan la utilizaci\u00f3n de <em>cookies<\/em>de forma autom\u00e1tica. Sin embargo, el usuario tiene la posibilidad de impedir el acceso a su ordenador mediante la elecci\u00f3n de la opci\u00f3n correspondiente de su navegador.<\/p>\n<p style=\"text-align: justify;\">En caso de bloquear el uso de <em>cookies<\/em> en su navegador es posible que algunos servicios o funcionalidades de la p\u00e1gina web no est\u00e9n disponibles afectando por ello la navegaci\u00f3n en este sitio web.<\/p>\n<h3>EXENCI\u00d3N DE RESPONSABILIDAD<\/h3>\n<h4>Por los contenidos<\/h4>\n<ul>\n<li>\n<p style=\"text-align: justify;\">Informaciones: Las informaciones, tanto propias como de terceros, que aparecen en este sitio web se proporcionan &#8220;como est\u00e1n&#8221;, sin garant\u00edas de ning\u00fan tipo en cuanto a su exactitud y actualizaci\u00f3n. En su consecuencia, SERVICIOS EDUCATIVOS CONDOMINA no se hace responsable de los posibles perjuicios que la utilizaci\u00f3n de las mismas pudiera causar.<\/p>\n<\/li>\n<li>\n<p style=\"text-align: justify;\">Contenidos il\u00edcitos: SERVICIOS EDUCATIVOS CONDOMINA se compromete a hacer lo posible para evitar la existencia en su sitio web de contenidos il\u00edcitos y, en caso de que tenga conocimiento efectivo de estos contenidos, eliminarlos o impedir el acceso a los mismos. No obstante, no se garantiza la licitud de los contenidos suministrados sobre la base de informaci\u00f3n proporcionada por terceros proveedores, colaboradores o usuarios.<\/p>\n<\/li>\n<li>\n<p style=\"text-align: justify;\">Modificaci\u00f3n de contenidos: La informaci\u00f3n, la presentaci\u00f3n y los servicios que ofrece este sitio pueden ser sometidos a cambios peri\u00f3dicos o puntuales, susceptibles de ser efectuados libremente por SERVICIOS EDUCATIVOS CONDOMINA sin que exista obligaci\u00f3n de comunicarlo a los usuarios.<\/p>\n<\/li>\n<\/ul>\n<h4>Por el funcionamiento del sitio web<\/h4>\n<ul>\n<li>\n<p style=\"text-align: justify;\">Privacidad: SERVICIOS EDUCATIVOS CONDOMINA no garantiza privacidad absoluta en la utilizaci\u00f3n de este sitio, ya que no debe descartarse la posibilidad de que terceros no autorizados puedan tener conocimiento de la misma y de las circunstancias en que se realiza.<\/p>\n<\/li>\n<li>\n<p style=\"text-align: justify;\">Virus: SERVICIOS EDUCATIVOS CONDOMINA no acepta ninguna responsabilidad por los posibles da\u00f1os causados por virus inform\u00e1ticos, cuya ausencia no queda garantizada.<\/p>\n<\/li>\n<li>\n<p style=\"text-align: justify;\">Disfunciones t\u00e9cnicas: SERVICIOS EDUCATIVOS CONDOMINA queda eximida de cualquier responsabilidad derivada del mal funcionamiento del sitio, o de cualquiera de sus servicios, que tenga su origen en una circunstancia accidental, fuerza mayor, trabajos necesarios de mantenimiento o cualquier otra causa no imputable a SERVICIOS EDUCATIVOS CONDOMINA.<\/p>\n<\/li>\n<\/ul>\n<h3>LEY DE JURISDICCI\u00d3N APLICABLE<\/h3>\n<p style=\"text-align: justify;\">Las presentes Condiciones Generales de Uso se rigen por las leyes espa\u00f1olas. Cualquier disputa en relaci\u00f3n con el sitio web de la Escuela Infantil El Valle de Alicante se sustanciar\u00e1 ante la jurisdicci\u00f3n espa\u00f1ola, someti\u00e9ndose las partes a los juzgados y tribunales de la ciudad de Alicante, con expresa renuncia a cualquier otro fuero si lo tuvieren y fuera diferente del rese\u00f1ado.<\/p>\n<p>[\/vc_column_text][\/vc_column][\/vc_row]<\/p>\n","protected":false},"excerpt":{"rendered":"<p>[vc_row][vc_column][vc_column_text] INFORMACI\u00d3N DEL TITULAR En cumplimiento del art\u00edculo 10 de la Ley 34\/2002, de 11 de julio, de Servicios de la Sociedad de la Informaci\u00f3n y Comercio Electr\u00f3nico, a continuaci\u00f3n se exponen los datos identificativos del titular del sitio web: &hellip; <\/p>\n","protected":false},"author":2,"featured_media":0,"parent":0,"menu_order":0,"comment_status":"closed","ping_status":"closed","template":"","meta":{"_monsterinsights_skip_tracking":false,"_monsterinsights_sitenote_active":false,"_monsterinsights_sitenote_note":"","_monsterinsights_sitenote_category":0},"yoast_head":"<!-- This site is optimized with the Yoast SEO plugin v20.6 - https:\/\/yoast.com\/wordpress\/plugins\/seo\/ -->\n<title>Legal Notice - El Valle Alicante<\/title>\n<meta name=\"robots\" content=\"index, follow, max-snippet:-1, max-image-preview:large, max-video-preview:-1\" \/>\n<link rel=\"canonical\" href=\"https:\/\/escuelainfantilelvallealicante.com\/en\/legal-notice\/\" \/>\n<meta property=\"og:locale\" content=\"en_US\" \/>\n<meta property=\"og:type\" content=\"article\" \/>\n<meta property=\"og:title\" content=\"Legal Notice - El Valle Alicante\" \/>\n<meta property=\"og:description\" content=\"[vc_row][vc_column][vc_column_text] INFORMACI\u00d3N DEL TITULAR En cumplimiento del art\u00edculo 10 de la Ley 34\/2002, de 11 de julio, de Servicios de la Sociedad de la Informaci\u00f3n y Comercio Electr\u00f3nico, a continuaci\u00f3n se exponen los datos identificativos del titular del sitio web: &hellip;\" \/>\n<meta property=\"og:url\" content=\"https:\/\/escuelainfantilelvallealicante.com\/en\/legal-notice\/\" \/>\n<meta property=\"og:site_name\" content=\"El Valle Alicante\" \/>\n<meta property=\"article:modified_time\" content=\"2020-02-12T11:11:15+00:00\" \/>\n<meta name=\"twitter:card\" content=\"summary_large_image\" \/>\n<meta name=\"twitter:label1\" content=\"Est. reading time\" \/>\n\t<meta name=\"twitter:data1\" content=\"11 minutes\" \/>\n<script type=\"application\/ld+json\" class=\"yoast-schema-graph\">{\"@context\":\"https:\/\/schema.org\",\"@graph\":[{\"@type\":\"WebPage\",\"@id\":\"https:\/\/escuelainfantilelvallealicante.com\/en\/legal-notice\/\",\"url\":\"https:\/\/escuelainfantilelvallealicante.com\/en\/legal-notice\/\",\"name\":\"Legal Notice - El Valle Alicante\",\"isPartOf\":{\"@id\":\"https:\/\/escuelainfantilelvallealicante.com\/#website\"},\"datePublished\":\"2020-01-17T11:19:17+00:00\",\"dateModified\":\"2020-02-12T11:11:15+00:00\",\"breadcrumb\":{\"@id\":\"https:\/\/escuelainfantilelvallealicante.com\/en\/legal-notice\/#breadcrumb\"},\"inLanguage\":\"en-US\",\"potentialAction\":[{\"@type\":\"ReadAction\",\"target\":[\"https:\/\/escuelainfantilelvallealicante.com\/en\/legal-notice\/\"]}]},{\"@type\":\"BreadcrumbList\",\"@id\":\"https:\/\/escuelainfantilelvallealicante.com\/en\/legal-notice\/#breadcrumb\",\"itemListElement\":[{\"@type\":\"ListItem\",\"position\":1,\"name\":\"Portada\",\"item\":\"https:\/\/escuelainfantilelvallealicante.com\/en\/\"},{\"@type\":\"ListItem\",\"position\":2,\"name\":\"Legal Notice\"}]},{\"@type\":\"WebSite\",\"@id\":\"https:\/\/escuelainfantilelvallealicante.com\/#website\",\"url\":\"https:\/\/escuelainfantilelvallealicante.com\/\",\"name\":\"El Valle Alicante\",\"description\":\"Escuela Infantil - Nursery\",\"potentialAction\":[{\"@type\":\"SearchAction\",\"target\":{\"@type\":\"EntryPoint\",\"urlTemplate\":\"https:\/\/escuelainfantilelvallealicante.com\/?s={search_term_string}\"},\"query-input\":\"required name=search_term_string\"}],\"inLanguage\":\"en-US\"}]}<\/script>\n<!-- \/ Yoast SEO plugin. -->","yoast_head_json":{"title":"Legal Notice - El Valle Alicante","robots":{"index":"index","follow":"follow","max-snippet":"max-snippet:-1","max-image-preview":"max-image-preview:large","max-video-preview":"max-video-preview:-1"},"canonical":"https:\/\/escuelainfantilelvallealicante.com\/en\/legal-notice\/","og_locale":"en_US","og_type":"article","og_title":"Legal Notice - El Valle Alicante","og_description":"[vc_row][vc_column][vc_column_text] INFORMACI\u00d3N DEL TITULAR En cumplimiento del art\u00edculo 10 de la Ley 34\/2002, de 11 de julio, de Servicios de la Sociedad de la Informaci\u00f3n y Comercio Electr\u00f3nico, a continuaci\u00f3n se exponen los datos identificativos del titular del sitio web: &hellip;","og_url":"https:\/\/escuelainfantilelvallealicante.com\/en\/legal-notice\/","og_site_name":"El Valle Alicante","article_modified_time":"2020-02-12T11:11:15+00:00","twitter_card":"summary_large_image","twitter_misc":{"Est. reading time":"11 minutes"},"schema":{"@context":"https:\/\/schema.org","@graph":[{"@type":"WebPage","@id":"https:\/\/escuelainfantilelvallealicante.com\/en\/legal-notice\/","url":"https:\/\/escuelainfantilelvallealicante.com\/en\/legal-notice\/","name":"Legal Notice - El Valle Alicante","isPartOf":{"@id":"https:\/\/escuelainfantilelvallealicante.com\/#website"},"datePublished":"2020-01-17T11:19:17+00:00","dateModified":"2020-02-12T11:11:15+00:00","breadcrumb":{"@id":"https:\/\/escuelainfantilelvallealicante.com\/en\/legal-notice\/#breadcrumb"},"inLanguage":"en-US","potentialAction":[{"@type":"ReadAction","target":["https:\/\/escuelainfantilelvallealicante.com\/en\/legal-notice\/"]}]},{"@type":"BreadcrumbList","@id":"https:\/\/escuelainfantilelvallealicante.com\/en\/legal-notice\/#breadcrumb","itemListElement":[{"@type":"ListItem","position":1,"name":"Portada","item":"https:\/\/escuelainfantilelvallealicante.com\/en\/"},{"@type":"ListItem","position":2,"name":"Legal Notice"}]},{"@type":"WebSite","@id":"https:\/\/escuelainfantilelvallealicante.com\/#website","url":"https:\/\/escuelainfantilelvallealicante.com\/","name":"El Valle Alicante","description":"Escuela Infantil - Nursery","potentialAction":[{"@type":"SearchAction","target":{"@type":"EntryPoint","urlTemplate":"https:\/\/escuelainfantilelvallealicante.com\/?s={search_term_string}"},"query-input":"required name=search_term_string"}],"inLanguage":"en-US"}]}},"_links":{"self":[{"href":"https:\/\/escuelainfantilelvallealicante.com\/en\/wp-json\/wp\/v2\/pages\/7297"}],"collection":[{"href":"https:\/\/escuelainfantilelvallealicante.com\/en\/wp-json\/wp\/v2\/pages"}],"about":[{"href":"https:\/\/escuelainfantilelvallealicante.com\/en\/wp-json\/wp\/v2\/types\/page"}],"author":[{"embeddable":true,"href":"https:\/\/escuelainfantilelvallealicante.com\/en\/wp-json\/wp\/v2\/users\/2"}],"replies":[{"embeddable":true,"href":"https:\/\/escuelainfantilelvallealicante.com\/en\/wp-json\/wp\/v2\/comments?post=7297"}],"version-history":[{"count":2,"href":"https:\/\/escuelainfantilelvallealicante.com\/en\/wp-json\/wp\/v2\/pages\/7297\/revisions"}],"predecessor-version":[{"id":7302,"href":"https:\/\/escuelainfantilelvallealicante.com\/en\/wp-json\/wp\/v2\/pages\/7297\/revisions\/7302"}],"wp:attachment":[{"href":"https:\/\/escuelainfantilelvallealicante.com\/en\/wp-json\/wp\/v2\/media?parent=7297"}],"curies":[{"name":"wp","href":"https:\/\/api.w.org\/{rel}","templated":true}]}}